{"id":880,"date":"2014-10-23T12:29:55","date_gmt":"2014-10-23T12:29:55","guid":{"rendered":"http:\/\/www.chiaroscuro.se\/?page_id=880"},"modified":"2025-09-05T06:51:34","modified_gmt":"2025-09-05T06:51:34","slug":"theatre-events-commissions-for-institutional-and-public-areas-3","status":"publish","type":"page","link":"https:\/\/www.chiaroscuro.se\/en\/information\/theatre-events-commissions-for-institutional-and-public-areas-3\/","title":{"rendered":"Theatre, events &#038; commissions for institutional and public areas"},"content":{"rendered":"<table style=\"height: 49px;\" width=\"100%\">\n<tbody>\n<tr>\n<td>&gt;&gt;\u00a0<a href=\"http:\/\/www.chiaroscuro.se\/en\/information\/theatre-events-commissions-for-institutional-and-public-areas\/\">Theater<\/a><\/td>\n<td>&gt;&gt; <a href=\"http:\/\/www.chiaroscuro.se\/en\/information\/theatre-events-commissions-for-institutional-and-public-areas-2\/\">Events<\/a><\/td>\n<td><strong>Commissions for institutional and public areas<\/strong><\/td>\n<\/tr>\n<\/tbody>\n<\/table>\n<p><img loading=\"lazy\" decoding=\"async\" src=\"https:\/\/www.chiaroscuro.se\/wp-content\/uploads\/2025\/09\/Barrgatusida.jpg\" alt=\"Bar(r)\" width=\"510\" height=\"290\"> <\/p>\n<p><strong>Procordia, Stockholm, Sweden<\/strong><br \/>\n<strong>The Hackan quarter, V\u00e4xj\u00f6, Sweden<\/strong><br \/>\n<strong>P\u00e5arp school, Helsingborg, Sweden<\/strong><br \/>\n<strong>The Lar\u00f6d quarter, Helsingborg, Sweden<\/strong><br \/>\n<strong>The Oden quarter, Helsingborg, Sweden<\/strong><br \/>\n<strong>V\u00e4stra Berga school, Helsingborg, Sweden<\/strong><\/p>\n<p>&nbsp;<\/p>\n<p>&gt;&gt;\u00a0<a href=\"http:\/\/www.chiaroscuro.se\/en\/information\/theatre-events-commissions-for-institutional-and-public-areas-2\/\">Back<\/a><\/p>\n","protected":false},"excerpt":{"rendered":"&gt;&gt;\u00a0Theater &gt;&gt; Events Commissions for institutional and public areas Procordia, Stockholm, Sweden The Hackan quarter, V\u00e4xj\u00f6, Sweden P\u00e5arp school, Helsingborg, Sweden The Lar\u00f6d quarter, Helsingborg, Sweden The Oden quarter, Helsingborg, Sweden V\u00e4stra Berga school, Helsingborg, Sweden &nbsp; &gt;&gt;\u00a0Back","protected":false},"author":1,"featured_media":0,"parent":621,"menu_order":0,"comment_status":"open","ping_status":"open","template":"","meta":{"footnotes":""},"class_list":["post-880","page","type-page","status-publish","hentry"],"_links":{"self":[{"href":"https:\/\/www.chiaroscuro.se\/en\/wp-json\/wp\/v2\/pages\/880","targetHints":{"allow":["GET"]}}],"collection":[{"href":"https:\/\/www.chiaroscuro.se\/en\/wp-json\/wp\/v2\/pages"}],"about":[{"href":"https:\/\/www.chiaroscuro.se\/en\/wp-json\/wp\/v2\/types\/page"}],"author":[{"embeddable":true,"href":"https:\/\/www.chiaroscuro.se\/en\/wp-json\/wp\/v2\/users\/1"}],"replies":[{"embeddable":true,"href":"https:\/\/www.chiaroscuro.se\/en\/wp-json\/wp\/v2\/comments?post=880"}],"version-history":[{"count":5,"href":"https:\/\/www.chiaroscuro.se\/en\/wp-json\/wp\/v2\/pages\/880\/revisions"}],"predecessor-version":[{"id":1505,"href":"https:\/\/www.chiaroscuro.se\/en\/wp-json\/wp\/v2\/pages\/880\/revisions\/1505"}],"up":[{"embeddable":true,"href":"https:\/\/www.chiaroscuro.se\/en\/wp-json\/wp\/v2\/pages\/621"}],"wp:attachment":[{"href":"https:\/\/www.chiaroscuro.se\/en\/wp-json\/wp\/v2\/media?parent=880"}],"curies":[{"name":"wp","href":"https:\/\/api.w.org\/{rel}","templated":true}]}}