{"id":830,"date":"2014-10-17T07:07:31","date_gmt":"2014-10-17T07:07:31","guid":{"rendered":"http:\/\/www.chiaroscuro.se\/?page_id=830"},"modified":"2014-10-17T07:08:09","modified_gmt":"2014-10-17T07:08:09","slug":"background","status":"publish","type":"page","link":"https:\/\/www.chiaroscuro.se\/en\/ewa-jonsson-hortnagl-2\/background\/","title":{"rendered":"Background"},"content":{"rendered":"<p>&#8211; 1976-92 Designer and Art Director with Ted Bates, Liljedal &amp; Co and Bl\u00e5 Annonsbyr\u00e5n, Helsingborg , Sweden.<\/p>\n<p><span style=\"text-decoration: underline;\"><strong>Education<\/strong><\/span><br \/>\n&#8211; Painting, graphics and photography with Prof. Oswald Oberhuber at the Vienna Academy of Applied Arts in Austria.<\/p>\n<p><span style=\"text-decoration: underline;\"><strong>Awards<\/strong><\/span><br \/>\n&#8211; Awarded the City of Vienna prize for best diploma from the Vienna Academy of Applied Arts, Austria.<\/p>\n<p><span style=\"text-decoration: underline;\"><strong>Commissions<\/strong><\/span><br \/>\nArtistic form and colour setting Hackan Quarter, V\u00e4xj\u00f6, Schweden.<br \/>\n8 murals in the Oden Quarter, Helsingborg, Sweden.<br \/>\n11 installations for Procordia, Fr\u00f6sundavik, Stockholm, Sweden.<br \/>\nArtistic form and colour setting H\u00f6skrindan Quarter and P\u00e5arpschool, Helsingborg, Schweden.<br \/>\n2 monumental Murals at V\u00e4stra Bergaschool, Helsingborg, Sweden<br \/>\nSetdesigns and costumes for teater and film.<br \/>\nDesign and PR material for filmproductions.<\/p>\n<p><span style=\"text-decoration: underline;\"><strong>Represented<\/strong><\/span><br \/>\nMuseum of Applied Art and the Minestry of Finanse in Vienna, Austria<br \/>\nRegion Sk\u00e5ne and State Art Comission Sweden.<br \/>\nSome 30 paintings, purchasedby local authorities and county Concils, throughout the whole country,<br \/>\nAstra Zeneca, G\u00f6teborg, Ikea, Sk\u00e5nes fagerhults Parish,<br \/>\nThe Agricultural Department, Cultural Boards in \u00c4ngelholm and in V\u00e4sterg\u00f6tland.<br \/>\nPrivate collections: Alvise Illa Braga, Milan, Italy.<br \/>\nKurt and Andrea Lintner Steinach, Tyrol, Austria.<\/p>\n<p>&gt;&gt;\u00a0<a href=\"http:\/\/www.chiaroscuro.se\/en\/ewa-jonsson-hortnagl-2\/\">Back<\/a><\/p>\n","protected":false},"excerpt":{"rendered":"&#8211; 1976-92 Designer and Art Director with Ted Bates, Liljedal &amp; Co and Bl\u00e5 Annonsbyr\u00e5n, Helsingborg , Sweden. Education &#8211; Painting, graphics and photography with Prof. Oswald Oberhuber at the Vienna Academy of Applied Arts in Austria. Awards &#8211; Awarded the City of Vienna prize for best diploma from the Vienna Academy of Applied Arts,&#8230; <a class=\"view-article\" href=\"https:\/\/www.chiaroscuro.se\/en\/ewa-jonsson-hortnagl-2\/background\/\">View Article<\/a>","protected":false},"author":1,"featured_media":0,"parent":774,"menu_order":0,"comment_status":"open","ping_status":"open","template":"","meta":{"footnotes":""},"class_list":["post-830","page","type-page","status-publish","hentry"],"_links":{"self":[{"href":"https:\/\/www.chiaroscuro.se\/en\/wp-json\/wp\/v2\/pages\/830","targetHints":{"allow":["GET"]}}],"collection":[{"href":"https:\/\/www.chiaroscuro.se\/en\/wp-json\/wp\/v2\/pages"}],"about":[{"href":"https:\/\/www.chiaroscuro.se\/en\/wp-json\/wp\/v2\/types\/page"}],"author":[{"embeddable":true,"href":"https:\/\/www.chiaroscuro.se\/en\/wp-json\/wp\/v2\/users\/1"}],"replies":[{"embeddable":true,"href":"https:\/\/www.chiaroscuro.se\/en\/wp-json\/wp\/v2\/comments?post=830"}],"version-history":[{"count":2,"href":"https:\/\/www.chiaroscuro.se\/en\/wp-json\/wp\/v2\/pages\/830\/revisions"}],"predecessor-version":[{"id":832,"href":"https:\/\/www.chiaroscuro.se\/en\/wp-json\/wp\/v2\/pages\/830\/revisions\/832"}],"up":[{"embeddable":true,"href":"https:\/\/www.chiaroscuro.se\/en\/wp-json\/wp\/v2\/pages\/774"}],"wp:attachment":[{"href":"https:\/\/www.chiaroscuro.se\/en\/wp-json\/wp\/v2\/media?parent=830"}],"curies":[{"name":"wp","href":"https:\/\/api.w.org\/{rel}","templated":true}]}}