{"id":809,"date":"2014-10-17T06:35:00","date_gmt":"2014-10-17T06:35:00","guid":{"rendered":"http:\/\/www.chiaroscuro.se\/?page_id=809"},"modified":"2025-09-05T07:26:49","modified_gmt":"2025-09-05T07:26:49","slug":"exhibitions","status":"publish","type":"page","link":"https:\/\/www.chiaroscuro.se\/en\/ewa-jonsson-hortnagl-2\/exhibitions\/","title":{"rendered":"Exhibitions"},"content":{"rendered":"<table style=\"height: 25px;\" width=\"560\">\n<tbody>\n<tr>\n<td><strong>Solo exhibitions<\/strong><\/td>\n<td>&gt;&gt;\u00a0<a href=\"http:\/\/www.chiaroscuro.se\/en\/ewa-jonsson-hortnagl-2\/exhibitions\/exhibitions\/\">Group exhibitions<\/a><\/td>\n<td>&gt;&gt;\u00a0<a href=\"http:\/\/www.chiaroscuro.se\/en\/ewa-jonsson-hortnagl-2\/exhibitions\/exhibitions\/exhibitions\/\">Commissions<\/a><\/td>\n<td>&gt;&gt;\u00a0<a href=\"http:\/\/www.chiaroscuro.se\/en\/ewa-jonsson-hortnagl-2\/exhibitions\/exhibitions\/exhibitions\/exhibitions\/\">Represented<\/a><\/td>\n<\/tr>\n<\/tbody>\n<\/table>\n<p>&nbsp;<\/p>\n<table style=\"height: 602px;\" width=\"560\">\n<tbody>\n<tr>\n<td><strong>Art Hall \u201eTubla da Nives\u201c, Selva, Italy<\/strong><\/td>\n<td>2026<\/td>\n<\/tr>\n<tr>\n<td><strong>Gallery Hera, Stockholm, Sweden<\/strong><\/td>\n<td>2019<\/td>\n<\/tr>\n<tr>\n<td><strong>Big retrospektive at Forum \u00d6rkelljunga, Sweden (with Erich H\u00f6rtnagl)<\/strong><\/td>\n<td>2016<\/td>\n<\/tr>\n<tr>\n<td><strong>Town hall Gallery Laholm, Sweden<\/strong><\/td>\n<td>2016<\/td>\n<\/tr>\n<tr>\n<td><strong>\u00d6rkelljunga Kulturhus, Sweden<\/strong><\/td>\n<td>2016<\/td>\n<\/tr>\n<tr>\n<td><strong>Gallery Kulturmejan, V\u00e4stra Karup, Sweden<\/strong><\/td>\n<td>2013<\/td>\n<\/tr>\n<tr>\n<td><strong>Gallery Palm, \u00c4ngavallen, Sweden with Erich H\u00f6rtnagl<\/strong><\/td>\n<td>2013<\/td>\n<\/tr>\n<tr>\n<td><strong>Tomarps Art Hall, Sweden with Erich H\u00f6rtnagl<\/strong><\/td>\n<td>2013<\/td>\n<\/tr>\n<tr>\n<td><strong>Gallery Artdepot, Innsbruck, Austria<\/strong><\/td>\n<td>2010<\/td>\n<\/tr>\n<tr>\n<td><strong>Gallery Palm, \u00c4ngavallen, Vellinge, Sweden<\/strong><\/td>\n<td>2007, 2010<\/td>\n<\/tr>\n<tr>\n<td><strong>Gallery Olsson &amp; Uddenberg, Gothenburg, Sweden<\/strong><\/td>\n<td>1996, 1998, 2001, 2005, 2009<\/td>\n<\/tr>\n<tr>\n<td><strong>Gallery Bacchus, Bor\u00e5s, Sweden<\/strong><\/td>\n<td>1998, 2003, 2005<\/td>\n<\/tr>\n<tr>\n<td><strong>Gallery Jeanette \u00d6lund, Bor\u00e5s, Sweden<\/strong><\/td>\n<td>2008<\/td>\n<\/tr>\n<tr>\n<td><strong>Gallery Hera, Stockholm, Sweden<\/strong><\/td>\n<td>1996, 2003, 2006, 2010<\/td>\n<\/tr>\n<tr>\n<td><strong>Gallery Bl\u00e5, G\u00e4rsn\u00e4s, Sweden<\/strong><\/td>\n<td>2003<\/td>\n<\/tr>\n<tr>\n<td><strong>Gallery Bergstr\u00f6m, J\u00f6nk\u00f6ping, Sweden<\/strong><\/td>\n<td>2002, 2005, 2009<\/td>\n<\/tr>\n<tr>\n<td><strong>Gallery Thomas Flora, Innsbruck, Austria<\/strong><\/td>\n<td>1993, 2000<\/td>\n<\/tr>\n<tr>\n<td><strong>Stockholm Art fair with Gallery Hera, Sweden<\/strong><\/td>\n<td>1999, 2000<\/td>\n<\/tr>\n<tr>\n<td><strong>Gallery C.Hj\u00e4rne, Helsingborg, Sweden<\/strong><\/td>\n<td>1995, 1999<\/td>\n<\/tr>\n<tr>\n<td><strong>Austrian institute of culture, Krakow, Poland<\/strong><\/td>\n<td>1999<\/td>\n<\/tr>\n<tr>\n<td><strong>Gustrian institute of culture, Krakow, Poland<\/strong><\/td>\n<td>1997<\/td>\n<\/tr>\n<tr>\n<td><strong>Gallery Moment, \u00c4ngelholm, Sweden<\/strong><\/td>\n<td>1995, 2007<\/td>\n<\/tr>\n<\/tbody>\n<\/table>\n<p>&gt;&gt;\u00a0<a href=\"http:\/\/www.chiaroscuro.se\/en\/ewa-jonsson-hortnagl-2\/\">Back<\/a><\/p>\n","protected":false},"excerpt":{"rendered":"Solo exhibitions &gt;&gt;\u00a0Group exhibitions &gt;&gt;\u00a0Commissions &gt;&gt;\u00a0Represented &nbsp; Art Hall \u201eTubla da Nives\u201c, Selva, Italy 2026 Gallery Hera, Stockholm, Sweden 2019 Big retrospektive at Forum \u00d6rkelljunga, Sweden (with Erich H\u00f6rtnagl) 2016 Town hall Gallery Laholm, Sweden 2016 \u00d6rkelljunga Kulturhus, Sweden 2016 Gallery Kulturmejan, V\u00e4stra Karup, Sweden 2013 Gallery Palm, \u00c4ngavallen, Sweden with Erich H\u00f6rtnagl 2013 Tomarps&#8230; <a class=\"view-article\" href=\"https:\/\/www.chiaroscuro.se\/en\/ewa-jonsson-hortnagl-2\/exhibitions\/\">View Article<\/a>","protected":false},"author":1,"featured_media":0,"parent":774,"menu_order":0,"comment_status":"open","ping_status":"open","template":"","meta":{"footnotes":""},"class_list":["post-809","page","type-page","status-publish","hentry"],"_links":{"self":[{"href":"https:\/\/www.chiaroscuro.se\/en\/wp-json\/wp\/v2\/pages\/809","targetHints":{"allow":["GET"]}}],"collection":[{"href":"https:\/\/www.chiaroscuro.se\/en\/wp-json\/wp\/v2\/pages"}],"about":[{"href":"https:\/\/www.chiaroscuro.se\/en\/wp-json\/wp\/v2\/types\/page"}],"author":[{"embeddable":true,"href":"https:\/\/www.chiaroscuro.se\/en\/wp-json\/wp\/v2\/users\/1"}],"replies":[{"embeddable":true,"href":"https:\/\/www.chiaroscuro.se\/en\/wp-json\/wp\/v2\/comments?post=809"}],"version-history":[{"count":5,"href":"https:\/\/www.chiaroscuro.se\/en\/wp-json\/wp\/v2\/pages\/809\/revisions"}],"predecessor-version":[{"id":1524,"href":"https:\/\/www.chiaroscuro.se\/en\/wp-json\/wp\/v2\/pages\/809\/revisions\/1524"}],"up":[{"embeddable":true,"href":"https:\/\/www.chiaroscuro.se\/en\/wp-json\/wp\/v2\/pages\/774"}],"wp:attachment":[{"href":"https:\/\/www.chiaroscuro.se\/en\/wp-json\/wp\/v2\/media?parent=809"}],"curies":[{"name":"wp","href":"https:\/\/api.w.org\/{rel}","templated":true}]}}